{"id":8,"date":"2020-03-14T11:57:39","date_gmt":"2020-03-14T11:57:39","guid":{"rendered":"https:\/\/ceipelsmolins.wordpress.com\/?page_id=8"},"modified":"2020-03-14T11:57:39","modified_gmt":"2020-03-14T11:57:39","slug":"contact","status":"publish","type":"page","link":"http:\/\/www.ceipmolins.com\/index.php\/contact\/","title":{"rendered":"Contacte"},"content":{"rendered":"\n<p class=\"has-text-align-justify has-normal-font-size\">Estarem encantats d&#8217;atendre les vostres preguntes i resoldre qualsevol dubte.<\/p>\n\n\n\n<div itemprop=\"location\" itemscope itemtype=\"http:\/\/schema.org\/Organization\" class=\"wp-block-jetpack-contact-info\">\n<div class=\"wp-block-jetpack-email\"><a itemprop=\"email\" href=\"mailto:molins@ceipmolins.com\">molins@ceipmolins.com<\/a><\/div>\n\n\n\n<div class=\"wp-block-jetpack-phone\"><span itemprop=\"telephone\"><a href=\"tel:971674152\">971674152<\/a><\/span><\/div>\n\n\n\n<div itemprop=\"address\" itemscope itemtype=\"http:\/\/schema.org\/PostalAddress\" class=\"wp-block-jetpack-address\" ><a href=\"https:\/\/www.google.com\/maps\/search\/Cam\u00ed+des Castell\u00e0s, 18,+S'Arrac\u00f3 ,+Illes Balears,+07159\" target=\"_blank\" rel=\"noopener noreferrer\" title=\"Abrir direcci\u00f3n en Google Maps\"><div itemprop=\"streetAddress\" class=\"jetpack-address__address jetpack-address__address1\">Cam\u00ed des Castell\u00e0s, 18<\/div><div><span itemprop=\"addressLocality\" class=\"jetpack-address__city\">S&#8217;Arrac\u00f3 <\/span>, <span itemprop=\"addressRegion\" class=\"jetpack-address__region\">Illes Balears<\/span> <span itemprop=\"postalCode\" class=\"jetpack-address__postal\">07159<\/span><\/div><\/a><\/div>\n<\/div>\n\n\n\n<figure class=\"wp-block-image size-large\"><img src=\"https:\/\/ceipelsmolins.wordpress.com\/wp-content\/uploads\/2021\/01\/botella-al-mar_ok.jpg?w=1024\" alt=\"\" class=\"wp-image-223\" \/><\/figure>\n\n\n\n<div style=\"height:32px\" aria-hidden=\"true\" class=\"wp-block-spacer desktop-only\"><\/div>\n\n\n\n<div class=\"wp-block-columns alignwide has-2-columns\">\n<div class=\"wp-block-column\"><\/div>\n<\/div>\n\n\n\n<p><\/p>\n","protected":false},"excerpt":{"rendered":"<p>Estarem encantats d&#8217;atendre les vostres preguntes i resoldre qualsevol dubte.<\/p>\n","protected":false},"author":1,"featured_media":0,"parent":0,"menu_order":0,"comment_status":"closed","ping_status":"closed","template":"","meta":{"_monsterinsights_skip_tracking":false,"_monsterinsights_sitenote_active":false,"_monsterinsights_sitenote_note":"","_monsterinsights_sitenote_category":0,"spay_email":""},"_links":{"self":[{"href":"http:\/\/www.ceipmolins.com\/index.php\/wp-json\/wp\/v2\/pages\/8"}],"collection":[{"href":"http:\/\/www.ceipmolins.com\/index.php\/wp-json\/wp\/v2\/pages"}],"about":[{"href":"http:\/\/www.ceipmolins.com\/index.php\/wp-json\/wp\/v2\/types\/page"}],"author":[{"embeddable":true,"href":"http:\/\/www.ceipmolins.com\/index.php\/wp-json\/wp\/v2\/users\/1"}],"replies":[{"embeddable":true,"href":"http:\/\/www.ceipmolins.com\/index.php\/wp-json\/wp\/v2\/comments?post=8"}],"version-history":[{"count":0,"href":"http:\/\/www.ceipmolins.com\/index.php\/wp-json\/wp\/v2\/pages\/8\/revisions"}],"wp:attachment":[{"href":"http:\/\/www.ceipmolins.com\/index.php\/wp-json\/wp\/v2\/media?parent=8"}],"curies":[{"name":"wp","href":"https:\/\/api.w.org\/{rel}","templated":true}]}}