{"id":49,"date":"2020-03-14T12:32:00","date_gmt":"2020-03-14T12:32:00","guid":{"rendered":"https:\/\/ceipelsmolins.wordpress.com\/?page_id=49"},"modified":"2026-01-21T09:43:01","modified_gmt":"2026-01-21T09:43:01","slug":"documents","status":"publish","type":"page","link":"http:\/\/www.ceipmolins.com\/index.php\/documents\/","title":{"rendered":"Principis (en construcci\u00f3)"},"content":{"rendered":"\n<p>Al CEIP els Molins aboguem per una educaci\u00f3 de qualitat basada en el lideratge transformacional i la renovaci\u00f3 pedag\u00f2gica. El nostre centre basa la pr\u00e0ctica docent en <a rel=\"noreferrer noopener\" href=\"https:\/\/es.linkedin.com\/pulse\/educar-para-transformar-jorge-c%C3%A1mpora-l68qf\" data-type=\"URL\" data-id=\"https:\/\/es.linkedin.com\/pulse\/educar-para-transformar-jorge-c%C3%A1mpora-l68qf\" target=\"_blank\">educar per transformar<\/a>, els <a rel=\"noreferrer noopener\" href=\"https:\/\/serveiseducatius.xtec.cat\/vallesoccidental5\/wp-content\/uploads\/usu1111\/2019\/03\/The_Nature_of_Learning-Practitioner_Guide-CAT.pdf\" target=\"_blank\">7 principis de l&#8217;aprenentatge<\/a>, els <a rel=\"noreferrer noopener\" href=\"http:\/\/escolanova21.cat\/wp\/wp-content\/uploads\/2019\/11\/EN21_Fitxes_Eixos_Rubrica_de_canvi.pdf\" target=\"_blank\">4 eixos<\/a> d&#8217;Escola 21 i<a href=\"https:\/\/drive.google.com\/file\/d\/1G_K53EhA1A91RJtOat6ajt0LWaLPY7Gk\/preview\" target=\"_blank\" rel=\"noreferrer noopener\"> l&#8217;espiral d&#8217;indagaci\u00f3<\/a> per al prototipatge i escalada de programes i projectes. Tot plegat es concreta en els nostres documents institucionals de centre. <\/p>\n\n\n\n<p>Projecte de direcci\u00f3:<\/p>\n\n\n\n<p><a href=\"https:\/\/drive.google.com\/file\/d\/15LpEQcWzU4I35BdxmdzgpxhBe0ixylsI\/view?usp=sharing\">https:\/\/drive.google.com\/file\/d\/15LpEQcWzU4I35BdxmdzgpxhBe0ixylsI\/view?usp=sharing<\/a><\/p>\n\n\n\n<p>Projecte educatiu de centre: <\/p>\n\n\n\n<p><a href=\"https:\/\/drive.google.com\/file\/d\/1m_PhnJs7tCAvWAVRY2_DAPKwWrVPjS_Q\/view?usp=sharing\">https:\/\/drive.google.com\/file\/d\/1m_PhnJs7tCAvWAVRY2_DAPKwWrVPjS_Q\/view?usp=sharing<\/a><\/p>\n\n\n\n<p>Projecte Ling\u00fc\u00edstic:<\/p>\n\n\n\n<p><a href=\"https:\/\/drive.google.com\/file\/d\/11_gjEJgV8o_KUmRZZdVtSf9485daXGjV\/view?usp=sharing\">https:\/\/drive.google.com\/file\/d\/11_gjEJgV8o_KUmRZZdVtSf9485daXGjV\/view?usp=sharing<\/a><\/p>\n\n\n\n<p>Programacions generals 2025-2026:<\/p>\n\n\n\n<p><a href=\"https:\/\/drive.google.com\/drive\/folders\/1aTHb2KTr2YVOiQ6nXReaxA9oP_eaS3R6?usp=sharing\">https:\/\/drive.google.com\/drive\/folders\/1aTHb2KTr2YVOiQ6nXReaxA9oP_eaS3R6?usp=sharing<\/a><\/p>\n\n\n\n<p>Programaci\u00f3 general anual<\/p>\n\n\n\n<p><a href=\"https:\/\/drive.google.com\/file\/d\/1oiH3UemFkk61h1X30gj_RsDprtzbP5Ww\/view?usp=sharing\">https:\/\/drive.google.com\/file\/d\/1oiH3UemFkk61h1X30gj_RsDprtzbP5Ww\/view?usp=sharing<\/a><\/p>\n\n\n\n<p>Pla d&#8217;Igualtat:<\/p>\n\n\n\n<p><\/p>\n\n\n\n<p>Conviv\u00e8ncia:<\/p>\n\n\n\n<p><\/p>\n\n\n\n<p>NOFIC:<\/p>\n\n\n\n<p><\/p>\n\n\n\n<p><\/p>\n\n\n\n<p><\/p>\n","protected":false},"excerpt":{"rendered":"<p>Al CEIP els Molins aboguem per una educaci\u00f3 de qualitat basada en el lideratge transformacional i la renovaci\u00f3 pedag\u00f2gica. El nostre centre basa la pr\u00e0ctica docent en educar per transformar, els 7 principis de l&#8217;aprenentatge, els 4 eixos d&#8217;Escola 21 &hellip; <a href=\"http:\/\/www.ceipmolins.com\/index.php\/documents\/\">Continua llegint <span class=\"meta-nav\">&rarr;<\/span><\/a><\/p>\n","protected":false},"author":1,"featured_media":0,"parent":0,"menu_order":0,"comment_status":"closed","ping_status":"closed","template":"","meta":{"_monsterinsights_skip_tracking":false,"_monsterinsights_sitenote_active":false,"_monsterinsights_sitenote_note":"","_monsterinsights_sitenote_category":0,"spay_email":""},"_links":{"self":[{"href":"http:\/\/www.ceipmolins.com\/index.php\/wp-json\/wp\/v2\/pages\/49"}],"collection":[{"href":"http:\/\/www.ceipmolins.com\/index.php\/wp-json\/wp\/v2\/pages"}],"about":[{"href":"http:\/\/www.ceipmolins.com\/index.php\/wp-json\/wp\/v2\/types\/page"}],"author":[{"embeddable":true,"href":"http:\/\/www.ceipmolins.com\/index.php\/wp-json\/wp\/v2\/users\/1"}],"replies":[{"embeddable":true,"href":"http:\/\/www.ceipmolins.com\/index.php\/wp-json\/wp\/v2\/comments?post=49"}],"version-history":[{"count":7,"href":"http:\/\/www.ceipmolins.com\/index.php\/wp-json\/wp\/v2\/pages\/49\/revisions"}],"predecessor-version":[{"id":678,"href":"http:\/\/www.ceipmolins.com\/index.php\/wp-json\/wp\/v2\/pages\/49\/revisions\/678"}],"wp:attachment":[{"href":"http:\/\/www.ceipmolins.com\/index.php\/wp-json\/wp\/v2\/media?parent=49"}],"curies":[{"name":"wp","href":"https:\/\/api.w.org\/{rel}","templated":true}]}}